{"id":2394,"date":"2022-09-05T19:42:22","date_gmt":"2022-09-05T19:42:22","guid":{"rendered":"https:\/\/www.blasmusikfest.eu\/the-steigermarsch\/"},"modified":"2024-09-15T22:23:55","modified_gmt":"2024-09-15T21:23:55","slug":"the-steigermarsch","status":"publish","type":"page","link":"https:\/\/www.blasmusikfest.eu\/en\/the-steigermarsch\/","title":{"rendered":"The Steigermarch"},"content":{"rendered":"\n<p><strong>A firm tradition at the European Brass Music Festival in Bad Schlema is the singing of the &#8220;Steiger March&#8221;. The old miners&#8217; and folks&#8217; song is also considered the anthem of the miners.<\/strong>&#13;\n&#13;\nHere are the lyrics for everyone to sing along to!<\/p>\n\n<p>Gl\u00fcck Auf! Gl\u00fcck Auf! Der Steiger kommt.<br\/>Und er hat sein helles Licht bei der Nacht,<br\/>Und er hat sein helles Licht bei der Nacht<br\/>Schon angez\u00fcnd&#8217;t, schon angez\u00fcnd&#8217;t.<\/p>\n\n<p>Schon angez\u00fcnd&#8217;t, das gibt ein&#8217; Schein, <br\/>Und damit so fahren wir bei der Nacht,<br\/>Und damit so fahren wir bei der Nacht,<br\/>In&#8217;s Bergwerk ein, in&#8217;s Bergwerk ein.<\/p>\n\n<p>In&#8217;s Bergwerk ein, wo die Bergleut&#8217; sein,<br\/>Die da graben das Silber und das Gold bei der Nacht,<br\/>Die da graben das Silber und das Gold bei der Nacht<br\/>Aus Felsgestein, aus Felsgestein. <\/p>\n\n<p>Aus Felsgestein, graben sie das Gold,<br\/>Und dem schwarzbraunen M\u00e4gdelein bei der Nacht,<br\/>Und dem schwarzbraunen M\u00e4gdelein bei der Nacht,<br\/>Dem sei&#8217;n sie hold, dem sei&#8217;n sie hold.<\/p>\n\n<p>Und kehr ich heim, zum Liebchen mein,<br\/>Dann erschallet des Bergmanns Gru\u00df bei der Nacht,<br\/>Dann erschallet des Bergmanns Gru\u00df bei der Nacht,<br\/>Gl\u00fcck Auf! Gl\u00fcck Auf! Gl\u00fcck Auf! Gl\u00fcck Auf!<\/p>\n\n<p>(trad. German miner and folk song)<\/p>\n","protected":false},"excerpt":{"rendered":"<p>A firm tradition at the European Brass Music Festival in Bad Schlema is the singing of the &#8220;Steiger March&#8221;. The old miners&#8217; and folks&#8217; song is also considered the anthem of the miners.&#13; &#13; Here are the lyrics for everyone&#8230;<\/p>\n","protected":false},"author":3,"featured_media":1388,"parent":0,"menu_order":0,"comment_status":"closed","ping_status":"closed","template":"","meta":{"two_page_speed":[],"footnotes":""},"class_list":["post-2394","page","type-page","status-publish","has-post-thumbnail","hentry"],"_links":{"self":[{"href":"https:\/\/www.blasmusikfest.eu\/en\/wp-json\/wp\/v2\/pages\/2394","targetHints":{"allow":["GET"]}}],"collection":[{"href":"https:\/\/www.blasmusikfest.eu\/en\/wp-json\/wp\/v2\/pages"}],"about":[{"href":"https:\/\/www.blasmusikfest.eu\/en\/wp-json\/wp\/v2\/types\/page"}],"author":[{"embeddable":true,"href":"https:\/\/www.blasmusikfest.eu\/en\/wp-json\/wp\/v2\/users\/3"}],"replies":[{"embeddable":true,"href":"https:\/\/www.blasmusikfest.eu\/en\/wp-json\/wp\/v2\/comments?post=2394"}],"version-history":[{"count":3,"href":"https:\/\/www.blasmusikfest.eu\/en\/wp-json\/wp\/v2\/pages\/2394\/revisions"}],"predecessor-version":[{"id":4559,"href":"https:\/\/www.blasmusikfest.eu\/en\/wp-json\/wp\/v2\/pages\/2394\/revisions\/4559"}],"wp:featuredmedia":[{"embeddable":true,"href":"https:\/\/www.blasmusikfest.eu\/en\/wp-json\/wp\/v2\/media\/1388"}],"wp:attachment":[{"href":"https:\/\/www.blasmusikfest.eu\/en\/wp-json\/wp\/v2\/media?parent=2394"}],"curies":[{"name":"wp","href":"https:\/\/api.w.org\/{rel}","templated":true}]}}