{"id":1994,"date":"2019-12-10T13:27:39","date_gmt":"2019-12-10T13:27:39","guid":{"rendered":"https:\/\/www.blasmusikfest.eu\/ticket-shop-blasmusikfest-eu\/"},"modified":"2025-06-28T18:56:34","modified_gmt":"2025-06-28T17:56:34","slug":"ticket-shop-blasmusikfest-eu","status":"publish","type":"page","link":"https:\/\/www.blasmusikfest.eu\/en\/ticket-shop-blasmusikfest-eu\/","title":{"rendered":"Ticket-Shop Blasmusikfest.eu"},"content":{"rendered":"\n<p>Karten f\u00fcr das Europ\u00e4ische Blasmusikfestival bequem online bestellen und sparen! Kinder bis einschlie\u00dflich 14 Jahren haben freien Eintritt.<\/p>\n\n<script type=\"text\/javascript\">\r\nvar SiteID = \"641F1491-CFB6-4D7C-8C25-E4088B66E883\";\r\nvar EID = 0;\r\nvar EDID = 0;\r\nvar Page = \"ListEvents\";\r\nvar Width = \"100%\";\r\nvar Height = \"400\";\r\nvar BgdColor = \"transparent\"; \r\n<\/script>\r\n<script type=\"text\/javascript\" src=\"https:\/\/connect.vbotickets.com\/_assets\/js\/plugin.js\"><\/script>\r\n<div id=\"MyEvent\" style=\"width: 100%;\"><\/div>\r\n\n<p><\/p>\n","protected":false},"excerpt":{"rendered":"<p>Karten f\u00fcr das Europ\u00e4ische Blasmusikfestival bequem online bestellen und sparen! Kinder bis einschlie\u00dflich 14 Jahren haben freien Eintritt.<\/p>\n","protected":false},"author":3,"featured_media":0,"parent":0,"menu_order":0,"comment_status":"closed","ping_status":"closed","template":"tpl-full-width.php","meta":{"two_page_speed":{"current_score":{"desktop_score":90,"desktop_tti":"0.6\u00a0","mobile_score":83,"mobile_tti":"2.9\u00a0","date":"28.06.2025 06:57:03 pm","status":"completed"}},"footnotes":""},"class_list":["post-1994","page","type-page","status-publish","hentry"],"_links":{"self":[{"href":"https:\/\/www.blasmusikfest.eu\/en\/wp-json\/wp\/v2\/pages\/1994","targetHints":{"allow":["GET"]}}],"collection":[{"href":"https:\/\/www.blasmusikfest.eu\/en\/wp-json\/wp\/v2\/pages"}],"about":[{"href":"https:\/\/www.blasmusikfest.eu\/en\/wp-json\/wp\/v2\/types\/page"}],"author":[{"embeddable":true,"href":"https:\/\/www.blasmusikfest.eu\/en\/wp-json\/wp\/v2\/users\/3"}],"replies":[{"embeddable":true,"href":"https:\/\/www.blasmusikfest.eu\/en\/wp-json\/wp\/v2\/comments?post=1994"}],"version-history":[{"count":7,"href":"https:\/\/www.blasmusikfest.eu\/en\/wp-json\/wp\/v2\/pages\/1994\/revisions"}],"predecessor-version":[{"id":4811,"href":"https:\/\/www.blasmusikfest.eu\/en\/wp-json\/wp\/v2\/pages\/1994\/revisions\/4811"}],"wp:attachment":[{"href":"https:\/\/www.blasmusikfest.eu\/en\/wp-json\/wp\/v2\/media?parent=1994"}],"curies":[{"name":"wp","href":"https:\/\/api.w.org\/{rel}","templated":true}]}}